{"id":2,"date":"2016-05-10T03:48:21","date_gmt":"2016-05-10T03:48:21","guid":{"rendered":"https:\/\/osyk.fi\/verkkolehti\/?page_id=2"},"modified":"2024-06-13T11:18:29","modified_gmt":"2024-06-13T11:18:29","slug":"sample-page","status":"publish","type":"page","link":"https:\/\/osyk.fi\/verkkolehti\/?page_id=2","title":{"rendered":"Pyramentti"},"content":{"rendered":"<p>Pyramentti on Oulun Suomalaisen Yhteiskoulun lukion opiskelijoiden toimittama verkkolehti, joka on perustettu syksyll\u00e4 2010 jatkamaan vuosikirja Pyramentin viitoittamaa taivalta.<\/p>\n<p>Pyramentin ty\u00f6ryhm\u00e4ss\u00e4 on toimittajia ja\u00a0valokuvaajia. Pyramentin ty\u00f6skentely\u00e4 ohjaa \u00e4idinkielen ja kirjallisuuden\u00a0lehtori\u00a0<strong>Minna Korpierkki<\/strong>.<\/p>\n<p>Pyramentti jatkaa t\u00e4n\u00e4kin lukuvuonna koulumme arjen uutisointia. Oulun Suomalaisen Yhteiskoulun lukion arkeen mahtuu niin ahkeraa opiskelua, draamaesityksi\u00e4, kuvataiteen tuotoksia, ihmefilmej\u00e4, kansainv\u00e4lisi\u00e4 hankkeita kuin aktiivista oppilaskunnan hallituksen toimintaa. Arkeamme v\u00e4ritt\u00e4v\u00e4t my\u00f6s monenlaiset vierailijat ja tapahtumat. N\u00e4m\u00e4 ja v\u00e4h\u00e4n muutakin pyrimme Pyramentissa huomioimaan. Toimittajat nostavat henkil\u00f6haastatteluissa esille erilaisia persoonia koulustamme. Valokeilaan p\u00e4\u00e4see niin opiskelijoita kuin opettajia. Julkaisemme my\u00f6s viime kev\u00e4\u00e4n parhaimpia \u00e4idinkielen ylioppilasesseit\u00e4.<\/p>\n<p>Pyramentti muotoutuu vuosittain tekij\u00f6idens\u00e4 n\u00e4k\u00f6iseksi. Toivomme, ett\u00e4 Pyramentti palvelisi mahdollisimman monipuolisesti lukijoitaan ja tarjoaisi mielenkiintoisia hetki\u00e4 ja ikimuistoisia tapahtumia, palasia koulumme arjesta.<\/p>\n<p>Uudet opiskelijat ovat tervetulleita tekem\u00e4\u00e4n yhteist\u00e4 verkkolehte\u00e4. Tervetuloa mukaan!<\/p>\n<p>Juttuvinkit ja palautteet<br \/>\nVinkkaa Pyramentin toimitusta tai l\u00e4het\u00e4 toimitukselle palautetta! Tavoitat toimituksen osoitteesta pyramentti(at)osyk.fi.<\/p>\n","protected":false},"excerpt":{"rendered":"<p>Pyramentti on Oulun Suomalaisen Yhteiskoulun lukion opiskelijoiden toimittama verkkolehti, joka on perustettu syksyll\u00e4 2010 jatkamaan vuosikirja Pyramentin viitoittamaa taivalta. Pyramentin ty\u00f6ryhm\u00e4ss\u00e4 on toimittajia ja\u00a0valokuvaajia. Pyramentin ty\u00f6skentely\u00e4 ohjaa \u00e4idinkielen ja kirjallisuuden\u00a0lehtori\u00a0Minna Korpierkki. Pyramentti jatkaa t\u00e4n\u00e4kin lukuvuonna koulumme arjen uutisointia. Oulun Suomalaisen Yhteiskoulun lukion arkeen mahtuu niin ahkeraa opiskelua, draamaesityksi\u00e4, kuvataiteen tuotoksia, ihmefilmej\u00e4, kansainv\u00e4lisi\u00e4 hankkeita kuin aktiivista [&hellip;]<\/p>\n","protected":false},"author":1,"featured_media":0,"parent":0,"menu_order":0,"comment_status":"closed","ping_status":"open","template":"","meta":{"footnotes":""},"class_list":["post-2","page","type-page","status-publish","hentry"],"_links":{"self":[{"href":"https:\/\/osyk.fi\/verkkolehti\/index.php?rest_route=\/wp\/v2\/pages\/2","targetHints":{"allow":["GET"]}}],"collection":[{"href":"https:\/\/osyk.fi\/verkkolehti\/index.php?rest_route=\/wp\/v2\/pages"}],"about":[{"href":"https:\/\/osyk.fi\/verkkolehti\/index.php?rest_route=\/wp\/v2\/types\/page"}],"author":[{"embeddable":true,"href":"https:\/\/osyk.fi\/verkkolehti\/index.php?rest_route=\/wp\/v2\/users\/1"}],"replies":[{"embeddable":true,"href":"https:\/\/osyk.fi\/verkkolehti\/index.php?rest_route=%2Fwp%2Fv2%2Fcomments&post=2"}],"version-history":[{"count":1,"href":"https:\/\/osyk.fi\/verkkolehti\/index.php?rest_route=\/wp\/v2\/pages\/2\/revisions"}],"predecessor-version":[{"id":6,"href":"https:\/\/osyk.fi\/verkkolehti\/index.php?rest_route=\/wp\/v2\/pages\/2\/revisions\/6"}],"wp:attachment":[{"href":"https:\/\/osyk.fi\/verkkolehti\/index.php?rest_route=%2Fwp%2Fv2%2Fmedia&parent=2"}],"curies":[{"name":"wp","href":"https:\/\/api.w.org\/{rel}","templated":true}]}}